{"id":873,"date":"2025-10-02T17:21:11","date_gmt":"2025-10-02T17:21:11","guid":{"rendered":"https:\/\/24sietestore.com\/?post_type=product&#038;p=873"},"modified":"2025-10-03T01:56:08","modified_gmt":"2025-10-03T01:56:08","slug":"timbre-inteligente-doorbell-ring-con-camara-y-conexion-wifi","status":"publish","type":"product","link":"https:\/\/24sietestore.com\/index.php\/product\/timbre-inteligente-doorbell-ring-con-camara-y-conexion-wifi\/","title":{"rendered":"Timbre Inteligente Doorbell Ring con C\u00e1mara y Conexi\u00f3n WiFi"},"content":{"rendered":"<p data-start=\"151\" data-end=\"561\">El Timbre Inteligente Doorbell Ring es la soluci\u00f3n perfecta para mantener tu hogar seguro y siempre conectado. Gracias a su c\u00e1mara integrada de alta definici\u00f3n, podr\u00e1s ver en tiempo real qui\u00e9n est\u00e1 en la puerta desde tu smartphone, sin importar d\u00f3nde te encuentres. Su dise\u00f1o moderno y compacto se adapta a cualquier entrada, brindando seguridad, comodidad y control al alcance de tu mano.<\/p>\n<p data-start=\"563\" data-end=\"597\"><strong data-start=\"563\" data-end=\"595\">Caracter\u00edsticas principales:<\/strong><\/p>\n<ul data-start=\"598\" data-end=\"1057\">\n<li data-start=\"598\" data-end=\"668\">\n<p data-start=\"600\" data-end=\"668\">C\u00e1mara de video en alta definici\u00f3n para visualizar en tiempo real.<\/p>\n<\/li>\n<li data-start=\"669\" data-end=\"734\">\n<p data-start=\"671\" data-end=\"734\">Conexi\u00f3n WiFi estable para acceder desde tu celular o tablet.<\/p>\n<\/li>\n<li data-start=\"735\" data-end=\"814\">\n<p data-start=\"737\" data-end=\"814\">Audio bidireccional que permite hablar con las visitas desde la aplicaci\u00f3n.<\/p>\n<\/li>\n<li data-start=\"815\" data-end=\"905\">\n<p data-start=\"817\" data-end=\"905\">Notificaciones instant\u00e1neas cada vez que alguien toque el timbre o detecte movimiento.<\/p>\n<\/li>\n<li data-start=\"906\" data-end=\"974\">\n<p data-start=\"908\" data-end=\"974\">Compatible con asistentes inteligentes como Alexa y Google Home.<\/p>\n<\/li>\n<li data-start=\"975\" data-end=\"1057\">\n<p data-start=\"977\" data-end=\"1057\">F\u00e1cil instalaci\u00f3n y dise\u00f1o elegante que combina con cualquier estilo de hogar.<\/p>\n<\/li>\n<\/ul>\n<p data-start=\"1059\" data-end=\"1339\"><br data-start=\"1097\" data-end=\"1100\" \/>Con el Timbre Inteligente Doorbell Ring no solo tendr\u00e1s un timbre, sino una herramienta de seguridad que te brinda tranquilidad. Mantente siempre conectado con tu hogar y recibe alertas inmediatas para proteger a tu familia y tu espacio.<\/p>\n","protected":false},"excerpt":{"rendered":"<p>El Timbre Inteligente Doorbell Ring es la soluci\u00f3n perfecta para mantener tu hogar seguro y siempre conectado. Gracias a su c\u00e1mara integrada de alta definici\u00f3n, podr\u00e1s ver en tiempo real qui\u00e9n est\u00e1 en la puerta desde tu smartphone, sin importar d\u00f3nde te encuentres. Su dise\u00f1o moderno y compacto se adapta a cualquier entrada, brindando seguridad, [&hellip;]<\/p>\n","protected":false},"featured_media":869,"template":"","meta":[],"product_brand":[],"product_cat":[39,35,34],"product_tag":[],"class_list":{"0":"post-873","1":"product","2":"type-product","3":"status-publish","4":"has-post-thumbnail","6":"product_cat-destacados","7":"product_cat-smart","8":"product_cat-tecnologia","10":"first","11":"instock","12":"taxable","13":"shipping-taxable","14":"purchasable","15":"product-type-simple"},"_links":{"self":[{"href":"https:\/\/24sietestore.com\/index.php\/wp-json\/wp\/v2\/product\/873","targetHints":{"allow":["GET"]}}],"collection":[{"href":"https:\/\/24sietestore.com\/index.php\/wp-json\/wp\/v2\/product"}],"about":[{"href":"https:\/\/24sietestore.com\/index.php\/wp-json\/wp\/v2\/types\/product"}],"wp:featuredmedia":[{"embeddable":true,"href":"https:\/\/24sietestore.com\/index.php\/wp-json\/wp\/v2\/media\/869"}],"wp:attachment":[{"href":"https:\/\/24sietestore.com\/index.php\/wp-json\/wp\/v2\/media?parent=873"}],"wp:term":[{"taxonomy":"product_brand","embeddable":true,"href":"https:\/\/24sietestore.com\/index.php\/wp-json\/wp\/v2\/product_brand?post=873"},{"taxonomy":"product_cat","embeddable":true,"href":"https:\/\/24sietestore.com\/index.php\/wp-json\/wp\/v2\/product_cat?post=873"},{"taxonomy":"product_tag","embeddable":true,"href":"https:\/\/24sietestore.com\/index.php\/wp-json\/wp\/v2\/product_tag?post=873"}],"curies":[{"name":"wp","href":"https:\/\/api.w.org\/{rel}","templated":true}]}}