{"id":871,"date":"2025-10-02T17:14:40","date_gmt":"2025-10-02T17:14:40","guid":{"rendered":"https:\/\/24sietestore.com\/?post_type=product&#038;p=871"},"modified":"2025-12-02T21:25:38","modified_gmt":"2025-12-02T21:25:38","slug":"iphone-17-air-256gb","status":"publish","type":"product","link":"https:\/\/24sietestore.com\/index.php\/product\/iphone-17-air-256gb\/","title":{"rendered":"iPhone 17 Air 256GB"},"content":{"rendered":"<h2 data-start=\"92\" data-end=\"140\">iPhone 17 Air \u2013 Caracter\u00edsticas principales<\/h2>\n<p data-start=\"142\" data-end=\"370\"><strong data-start=\"142\" data-end=\"168\">Almacenamiento m\u00ednimo:<\/strong> 256 GB<br data-start=\"175\" data-end=\"178\" \/><strong data-start=\"178\" data-end=\"193\">Procesador:<\/strong> A19 Pro, con alto rendimiento para tareas exigentes<br data-start=\"245\" data-end=\"248\" \/><strong data-start=\"248\" data-end=\"264\">Memoria RAM:<\/strong> 12 GB<br data-start=\"270\" data-end=\"273\" \/><strong data-start=\"273\" data-end=\"286\">Pantalla:<\/strong> OLED Super Retina XDR con tecnolog\u00eda ProMotion (hasta 120 Hz) y Always-On Display<\/p>\n<p data-start=\"372\" data-end=\"398\"><strong data-start=\"372\" data-end=\"396\">Dise\u00f1o y materiales:<\/strong><\/p>\n<ul data-start=\"399\" data-end=\"558\">\n<li data-start=\"399\" data-end=\"442\">\n<p data-start=\"401\" data-end=\"442\">Ultra delgado con solo 5,6 mm de grosor<\/p>\n<\/li>\n<li data-start=\"443\" data-end=\"498\">\n<p data-start=\"445\" data-end=\"498\">Construcci\u00f3n ligera en titanio con acabados premium<\/p>\n<\/li>\n<li data-start=\"499\" data-end=\"558\">\n<p data-start=\"501\" data-end=\"558\">Protecci\u00f3n Ceramic Shield 2, m\u00e1s resistente a rayaduras<\/p>\n<\/li>\n<\/ul>\n<p data-start=\"560\" data-end=\"574\"><strong data-start=\"560\" data-end=\"572\">C\u00e1maras:<\/strong><\/p>\n<ul data-start=\"575\" data-end=\"732\">\n<li data-start=\"575\" data-end=\"620\">\n<p data-start=\"577\" data-end=\"620\">C\u00e1mara trasera de 48 MP con sensor Fusion<\/p>\n<\/li>\n<li data-start=\"621\" data-end=\"667\">\n<p data-start=\"623\" data-end=\"667\">C\u00e1mara frontal con tecnolog\u00eda Center Stage<\/p>\n<\/li>\n<li data-start=\"668\" data-end=\"732\">\n<p data-start=\"670\" data-end=\"732\">Grabaci\u00f3n de v\u00eddeo en 4K con soporte para formatos avanzados<\/p>\n<\/li>\n<\/ul>\n<p data-start=\"734\" data-end=\"760\"><strong data-start=\"734\" data-end=\"758\">Bater\u00eda y autonom\u00eda:<\/strong><\/p>\n<ul data-start=\"761\" data-end=\"915\">\n<li data-start=\"761\" data-end=\"787\">\n<p data-start=\"763\" data-end=\"787\">Capacidad de 3,149 mAh<\/p>\n<\/li>\n<li data-start=\"788\" data-end=\"831\">\n<p data-start=\"790\" data-end=\"831\">Hasta 27 horas de reproducci\u00f3n de v\u00eddeo<\/p>\n<\/li>\n<li data-start=\"832\" data-end=\"884\">\n<p data-start=\"834\" data-end=\"884\">Carga r\u00e1pida: 50 % en aproximadamente 20 minutos<\/p>\n<\/li>\n<li data-start=\"885\" data-end=\"915\">\n<p data-start=\"887\" data-end=\"915\">Compatibilidad con MagSafe<\/p>\n<\/li>\n<\/ul>\n<p data-start=\"917\" data-end=\"944\"><strong data-start=\"917\" data-end=\"942\">Conectividad y otros:<\/strong><\/p>\n<ul data-start=\"945\" data-end=\"1047\">\n<li data-start=\"945\" data-end=\"992\">\n<p data-start=\"947\" data-end=\"992\">Solo eSIM (sin ranura f\u00edsica para nano-SIM)<\/p>\n<\/li>\n<li data-start=\"993\" data-end=\"1047\">\n<p data-start=\"995\" data-end=\"1047\">Resistencia al agua y polvo con certificaci\u00f3n IP68<\/p>\n<\/li>\n<\/ul>\n<p data-start=\"1049\" data-end=\"1242\">El <strong data-start=\"1052\" data-end=\"1069\">iPhone 17 Air<\/strong> redefine el dise\u00f1o ultradelgado en smartphones, ofreciendo potencia, elegancia y ligereza en un dispositivo creado para quienes buscan lo mejor de la innovaci\u00f3n de Apple.<\/p>\n","protected":false},"excerpt":{"rendered":"<p>iPhone 17 Air \u2013 Caracter\u00edsticas principales Almacenamiento m\u00ednimo: 256 GBProcesador: A19 Pro, con alto rendimiento para tareas exigentesMemoria RAM: 12 GBPantalla: OLED Super Retina XDR con tecnolog\u00eda ProMotion (hasta 120 Hz) y Always-On Display Dise\u00f1o y materiales: Ultra delgado con solo 5,6 mm de grosor Construcci\u00f3n ligera en titanio con acabados premium Protecci\u00f3n Ceramic Shield [&hellip;]<\/p>\n","protected":false},"featured_media":872,"template":"","meta":[],"product_brand":[],"product_cat":[33,39,40,34],"product_tag":[],"class_list":{"0":"post-871","1":"product","2":"type-product","3":"status-publish","4":"has-post-thumbnail","6":"product_cat-celulares","7":"product_cat-destacados","8":"product_cat-especiales","9":"product_cat-tecnologia","11":"first","12":"instock","13":"sale","14":"taxable","15":"shipping-taxable","16":"purchasable","17":"product-type-simple"},"_links":{"self":[{"href":"https:\/\/24sietestore.com\/index.php\/wp-json\/wp\/v2\/product\/871","targetHints":{"allow":["GET"]}}],"collection":[{"href":"https:\/\/24sietestore.com\/index.php\/wp-json\/wp\/v2\/product"}],"about":[{"href":"https:\/\/24sietestore.com\/index.php\/wp-json\/wp\/v2\/types\/product"}],"wp:featuredmedia":[{"embeddable":true,"href":"https:\/\/24sietestore.com\/index.php\/wp-json\/wp\/v2\/media\/872"}],"wp:attachment":[{"href":"https:\/\/24sietestore.com\/index.php\/wp-json\/wp\/v2\/media?parent=871"}],"wp:term":[{"taxonomy":"product_brand","embeddable":true,"href":"https:\/\/24sietestore.com\/index.php\/wp-json\/wp\/v2\/product_brand?post=871"},{"taxonomy":"product_cat","embeddable":true,"href":"https:\/\/24sietestore.com\/index.php\/wp-json\/wp\/v2\/product_cat?post=871"},{"taxonomy":"product_tag","embeddable":true,"href":"https:\/\/24sietestore.com\/index.php\/wp-json\/wp\/v2\/product_tag?post=871"}],"curies":[{"name":"wp","href":"https:\/\/api.w.org\/{rel}","templated":true}]}}