{"id":831,"date":"2025-09-17T00:52:45","date_gmt":"2025-09-17T00:52:45","guid":{"rendered":"https:\/\/24sietestore.com\/index.php\/product\/bombillo-parlante-con-bluetooth-multicol\/"},"modified":"2025-09-17T00:57:59","modified_gmt":"2025-09-17T00:57:59","slug":"bombillo-parlante-con-bluetooth-multicol","status":"publish","type":"product","link":"https:\/\/24sietestore.com\/index.php\/product\/bombillo-parlante-con-bluetooth-multicol\/","title":{"rendered":"Bombillo Parlante Con Bluetooth Multicolores"},"content":{"rendered":"<p>Descripci\u00f3n<br \/>\nBombillo led parlante bluetooth, co este dispositivo puedes escuhar musica,apagar o encendre la luz con el control remoto y cambiar los diversos colores de luz<br \/>\n&#8211; Puede ser controlado v\u00eda bluetooth<br \/>\n&#8211; Apariencia de la l\u00e1mpara LED<br \/>\n&#8211; Conexi\u00f3n inal\u00e1mbrica bluetooth<br \/>\n&#8211; Base de la l\u00e1mpara E27, tipo tornillo<br \/>\n&#8211; Volumen ajustable de luz y m\u00fasica.<br \/>\n&#8211; Luz brillante, comparable a una bombilla hal\u00f3gena de 50 vatios.<\/p>\n","protected":false},"excerpt":{"rendered":"<p>Descripci\u00f3n Bombillo led parlante bluetooth, co este dispositivo puedes escuhar musica,apagar o encendre la luz con el control remoto y cambiar los diversos colores de luz &#8211; Puede ser controlado v\u00eda bluetooth &#8211; Apariencia de la l\u00e1mpara LED &#8211; Conexi\u00f3n inal\u00e1mbrica bluetooth &#8211; Base de la l\u00e1mpara E27, tipo tornillo &#8211; Volumen ajustable de luz [&hellip;]<\/p>\n","protected":false},"featured_media":836,"template":"","meta":[],"product_brand":[],"product_cat":[35],"product_tag":[],"class_list":{"0":"post-831","1":"product","2":"type-product","3":"status-publish","4":"has-post-thumbnail","6":"product_cat-smart","8":"first","9":"instock","10":"taxable","11":"shipping-taxable","12":"purchasable","13":"product-type-simple"},"_links":{"self":[{"href":"https:\/\/24sietestore.com\/index.php\/wp-json\/wp\/v2\/product\/831","targetHints":{"allow":["GET"]}}],"collection":[{"href":"https:\/\/24sietestore.com\/index.php\/wp-json\/wp\/v2\/product"}],"about":[{"href":"https:\/\/24sietestore.com\/index.php\/wp-json\/wp\/v2\/types\/product"}],"wp:featuredmedia":[{"embeddable":true,"href":"https:\/\/24sietestore.com\/index.php\/wp-json\/wp\/v2\/media\/836"}],"wp:attachment":[{"href":"https:\/\/24sietestore.com\/index.php\/wp-json\/wp\/v2\/media?parent=831"}],"wp:term":[{"taxonomy":"product_brand","embeddable":true,"href":"https:\/\/24sietestore.com\/index.php\/wp-json\/wp\/v2\/product_brand?post=831"},{"taxonomy":"product_cat","embeddable":true,"href":"https:\/\/24sietestore.com\/index.php\/wp-json\/wp\/v2\/product_cat?post=831"},{"taxonomy":"product_tag","embeddable":true,"href":"https:\/\/24sietestore.com\/index.php\/wp-json\/wp\/v2\/product_tag?post=831"}],"curies":[{"name":"wp","href":"https:\/\/api.w.org\/{rel}","templated":true}]}}