{"id":827,"date":"2025-09-17T00:52:44","date_gmt":"2025-09-17T00:52:44","guid":{"rendered":"https:\/\/24sietestore.com\/index.php\/product\/bombillo-parlante-grande\/"},"modified":"2025-10-03T02:00:43","modified_gmt":"2025-10-03T02:00:43","slug":"bombillo-parlante-grande","status":"publish","type":"product","link":"https:\/\/24sietestore.com\/index.php\/product\/bombillo-parlante-grande\/","title":{"rendered":"BOMBILLO PARLANTE GRANDE"},"content":{"rendered":"<p>\u00a1Tiene luz blanca para que la uses normal como una lampara o y si deseas darle un toque de ambiental, tambi\u00e9n puedes cambiar la luz a colores y efectos m\u00e1gicos de luz autom\u00e1tica y reproducir la m\u00fasica que m\u00e1s te gusta por medio bluetooth!<\/p>\n<ul>\n<li>Bluetooth: Bluetooth V5.0<\/li>\n<li>RGB LUZ BLANCA<\/li>\n<li>Gran presi\u00f3n: 85 ~ 265V<\/li>\n<li>Color: Blanco<\/li>\n<li>Potencia: 50W<\/li>\n<li>Flujo luminoso: 5000lm<\/li>\n<li>Material: PC<\/li>\n<li>Especificaciones del soporte de la l\u00e1mpara: E27<\/li>\n<li>\u00c1ngulo de haz: 120 (grados)<\/li>\n<li>\u00cdndice de reproducci\u00f3n crom\u00e1tica: 80-90<\/li>\n<li>Nivel de protecci\u00f3n: ip54 1. Funci\u00f3n de altavoz inal\u00e1mbrico Bluetooth, despu\u00e9s de conectar Bluetooth, puede reproducir sus canciones favoritas en cualquier momento y en cualquier lugar, y encender las luces al mismo tiempo.<\/li>\n<li>Puede cambiar el color de la luz de forma remota, brillante y tenue y o conveniente.<\/li>\n<li>Dise\u00f1o simple de color s\u00f3lido, elegante y con estilo.<\/li>\n<li>El control remoto puede controlar el estado de la luz y el color de la luz se puede ajustar en cualquier momento. La luz es natural y suave, sin parpadeos y no da\u00f1a los ojos.<\/li>\n<li>Puede colocar las luces en supermercados, garajes u oficinas para cubrir sus diferentes necesidades.<\/li>\n<li>Utilizando materiales de PC de alta calidad, duraderos y rentables.<\/li>\n<li>Se puede plegar para cambiar el rango de iluminaci\u00f3n para el almacenamiento diario.<\/li>\n<li>Interfaz universal E27, f\u00e1cil de instalar y reemplazar.<\/li>\n<\/ul>\n","protected":false},"excerpt":{"rendered":"<p>\u00a1Tiene luz blanca para que la uses normal como una lampara o y si deseas darle un toque de ambiental, tambi\u00e9n puedes cambiar la luz a colores y efectos m\u00e1gicos de luz autom\u00e1tica y reproducir la m\u00fasica que m\u00e1s te gusta por medio bluetooth! Bluetooth: Bluetooth V5.0 RGB LUZ BLANCA Gran presi\u00f3n: 85 ~ 265V [&hellip;]<\/p>\n","protected":false},"featured_media":839,"template":"","meta":[],"product_brand":[],"product_cat":[39,26,35],"product_tag":[],"class_list":{"0":"post-827","1":"product","2":"type-product","3":"status-publish","4":"has-post-thumbnail","6":"product_cat-destacados","7":"product_cat-gadgets","8":"product_cat-smart","10":"first","11":"instock","12":"taxable","13":"shipping-taxable","14":"purchasable","15":"product-type-simple"},"_links":{"self":[{"href":"https:\/\/24sietestore.com\/index.php\/wp-json\/wp\/v2\/product\/827","targetHints":{"allow":["GET"]}}],"collection":[{"href":"https:\/\/24sietestore.com\/index.php\/wp-json\/wp\/v2\/product"}],"about":[{"href":"https:\/\/24sietestore.com\/index.php\/wp-json\/wp\/v2\/types\/product"}],"wp:featuredmedia":[{"embeddable":true,"href":"https:\/\/24sietestore.com\/index.php\/wp-json\/wp\/v2\/media\/839"}],"wp:attachment":[{"href":"https:\/\/24sietestore.com\/index.php\/wp-json\/wp\/v2\/media?parent=827"}],"wp:term":[{"taxonomy":"product_brand","embeddable":true,"href":"https:\/\/24sietestore.com\/index.php\/wp-json\/wp\/v2\/product_brand?post=827"},{"taxonomy":"product_cat","embeddable":true,"href":"https:\/\/24sietestore.com\/index.php\/wp-json\/wp\/v2\/product_cat?post=827"},{"taxonomy":"product_tag","embeddable":true,"href":"https:\/\/24sietestore.com\/index.php\/wp-json\/wp\/v2\/product_tag?post=827"}],"curies":[{"name":"wp","href":"https:\/\/api.w.org\/{rel}","templated":true}]}}