{"id":799,"date":"2025-09-17T00:39:07","date_gmt":"2025-09-17T00:39:07","guid":{"rendered":"https:\/\/24sietestore.com\/index.php\/product\/drone-dm107s-plegable-doble-camara-wifi\/"},"modified":"2025-10-03T01:57:05","modified_gmt":"2025-10-03T01:57:05","slug":"drone-dm107s-plegable-doble-camara-wifi","status":"publish","type":"product","link":"https:\/\/24sietestore.com\/index.php\/product\/drone-dm107s-plegable-doble-camara-wifi\/","title":{"rendered":"Drone Dm107s Plegable Doble C\u00e1mara Wifi"},"content":{"rendered":"<p>Drone FPV RC Quadcopter con doble c\u00e1mara Wifi Full HD Referencia DM107<\/p>\n<p>Descarga la App: HFUN<br \/>\nFunci\u00f3n de Auto seguimiento.<br \/>\nOpci\u00f3n de visualizar en gafas VR<br \/>\nDibuja recorrido para que el drone lo realice desde la app.<br \/>\nDoble Camara Full HD 720P<\/p>\n<p>Funci\u00f3n: Hacia adelante y hacia atr\u00e1s, ups y downs, giro a la izquierda a la derecha, vuelo izquierdo y derecho, 3D rollo funci\u00f3n,<br \/>\nModo sin cabeza, detecci\u00f3n de gravedad, despegue de un bot\u00f3n, retorno de un bot\u00f3n, modo de baja velocidad de la escuela secundaria, seleccionar,<br \/>\nJuego de presi\u00f3n de aire, parada de suspensi\u00f3n estable.<\/p>\n<p>CARACTER\u00cdSTICAS:<br \/>\n-2,4g modo de control remoto\/WIFI APP control de transmisi\u00f3n en tiempo real<br \/>\n-Giroscopio de 6 ejes incorporado, el vuelo es m\u00e1s estable, la presi\u00f3n del aire es estable y flotando, y la c\u00e1mara es m\u00e1s estable.<br \/>\n-FPV WIFI transmisi\u00f3n en tiempo real, el cuerpo con c\u00e1mara wifi, puede lograr el control wifi del tel\u00e9fono m\u00f3vil, funci\u00f3n de transmisi\u00f3n en tiempo real<br \/>\n-Dise\u00f1o Plegable: compacto y ligero, f\u00e1cil de llevar.<br \/>\n-Compacto y ligero, f\u00e1cil de almacenar y llevar (cuando el el mando a distancia se abre, se enciende el control remoto, y la combinaci\u00f3n es la remota la fuente de alimentaci\u00f3n de control se apaga)<br \/>\n-Vuelo de trayectoria: bajo el estado de control en tiempo real de WIFI, la funci\u00f3n de vuelo UAV trayectoria puede ser realizada. El drone volar\u00e1 de acuerdo a la trayectoria que dibujas en la interfaz de control de aplicaciones.<br \/>\n-Con c\u00e1mara wifi, puedes tomar foto, v\u00eddeo en tiempo real.<br \/>\n-2MP wifi con la versi\u00f3n de flujo \u00f3ptico: Puede lograr un vuelo de punto fijo, el sensor de flujo \u00f3ptico tambi\u00e9n puede tomar fotograf\u00edas. el control del tel\u00e9fono m\u00f3vil puede cambiar entre el Frente c\u00e1mara y el Sensor de flujo \u00f3ptico.<br \/>\n-Bater\u00eda modular independiente, f\u00e1cil de desmontar, seguro, dise\u00f1o mejorado,3,7 V 900 mAh energ\u00eda completa puede volar casi 10 minutos.<\/p>\n<p>DESCRIPCI\u00d3N:<br \/>\nMarca: DM<br \/>\nNombre del art\u00edculo: DM107 RC Quadcopter<br \/>\nN\u00famero de art\u00edculo: DM107S<br \/>\nFrecuencia: 2,4 GHz<br \/>\nCanal: 4CH<br \/>\nGyro: 6 ejes<br \/>\nQuadcopter tama\u00f1o: 17*14,5*6 cm (plegado)<br \/>\n28*28*6 cm (desplegado)<br \/>\nTama\u00f1o del paquete: 28,5*20*6 cm<br \/>\nQuadcopter Peso: aproximadamente 562G<br \/>\nQuadcopter bater\u00eda: 3,7 V 900 MAH (incluido)<br \/>\nBater\u00eda del transmisor: 2*1,5 V AAA bater\u00eda (no incluida)<br \/>\nTiempo de carga: 80-100mins<br \/>\nTiempo de vuelo: 8-10mins x cada bater\u00eda<br \/>\nDistancia R\/C: alrededor de 80 metros<br \/>\nC\u00e1mara: 2MP<\/p>\n","protected":false},"excerpt":{"rendered":"<p>Drone FPV RC Quadcopter con doble c\u00e1mara Wifi Full HD Referencia DM107 Descarga la App: HFUN Funci\u00f3n de Auto seguimiento. Opci\u00f3n de visualizar en gafas VR Dibuja recorrido para que el drone lo realice desde la app. Doble Camara Full HD 720P Funci\u00f3n: Hacia adelante y hacia atr\u00e1s, ups y downs, giro a la izquierda [&hellip;]<\/p>\n","protected":false},"featured_media":850,"template":"","meta":[],"product_brand":[],"product_cat":[28,40,34],"product_tag":[],"class_list":{"0":"post-799","1":"product","2":"type-product","3":"status-publish","4":"has-post-thumbnail","6":"product_cat-drones","7":"product_cat-especiales","8":"product_cat-tecnologia","10":"first","11":"instock","12":"taxable","13":"shipping-taxable","14":"purchasable","15":"product-type-simple"},"_links":{"self":[{"href":"https:\/\/24sietestore.com\/index.php\/wp-json\/wp\/v2\/product\/799","targetHints":{"allow":["GET"]}}],"collection":[{"href":"https:\/\/24sietestore.com\/index.php\/wp-json\/wp\/v2\/product"}],"about":[{"href":"https:\/\/24sietestore.com\/index.php\/wp-json\/wp\/v2\/types\/product"}],"wp:featuredmedia":[{"embeddable":true,"href":"https:\/\/24sietestore.com\/index.php\/wp-json\/wp\/v2\/media\/850"}],"wp:attachment":[{"href":"https:\/\/24sietestore.com\/index.php\/wp-json\/wp\/v2\/media?parent=799"}],"wp:term":[{"taxonomy":"product_brand","embeddable":true,"href":"https:\/\/24sietestore.com\/index.php\/wp-json\/wp\/v2\/product_brand?post=799"},{"taxonomy":"product_cat","embeddable":true,"href":"https:\/\/24sietestore.com\/index.php\/wp-json\/wp\/v2\/product_cat?post=799"},{"taxonomy":"product_tag","embeddable":true,"href":"https:\/\/24sietestore.com\/index.php\/wp-json\/wp\/v2\/product_tag?post=799"}],"curies":[{"name":"wp","href":"https:\/\/api.w.org\/{rel}","templated":true}]}}