{"id":797,"date":"2025-09-17T00:39:07","date_gmt":"2025-09-17T00:39:07","guid":{"rendered":"https:\/\/24sietestore.com\/index.php\/product\/drone-4k-con-camara-hd-wi-fi\/"},"modified":"2025-10-02T22:59:34","modified_gmt":"2025-10-02T22:59:34","slug":"drone-4k-con-camara-hd-wi-fi","status":"publish","type":"product","link":"https:\/\/24sietestore.com\/index.php\/product\/drone-4k-con-camara-hd-wi-fi\/","title":{"rendered":"Drone 4k Con C\u00e1mara HD Wi-Fi"},"content":{"rendered":"<p>Plegado port\u00e1til Puede obtener una calidad de imagen\u00a0profesional sin una gran bolsa cuando salga y haga buenas pel\u00edculas f\u00e1cilmente.2. Mantenimiento de la altitud. Tecnolog\u00eda innovadora de altura fija, vuelo m\u00e1s estable, mejor fotograf\u00eda a\u00e9rea.3. Con funci\u00f3n Wi-Fi. Se puede conectar a la aplicaci\u00f3n y al sistema APK para tomar fotos y videos, y transmitir im\u00e1genes en tiempo real a trav\u00e9s de la c\u00e1mara del tel\u00e9fono m\u00f3vil.4. Vuelo libre en modo sin cabeza. El modo aut\u00f3nomo le permite controlar f\u00e1cilmente la direcci\u00f3n del dron.5. Lente aerea de alta definicion. Dise\u00f1o de cuerpo integrado de alta definici\u00f3n, alta reproducci\u00f3n de color, restaura de manera efectiva la calidad de la imagen en s\u00ed, ya sea de viaje o entretenimiento, puede tomar f\u00e1cilmente la imagen que desea.6. Funciones: arriba \/ abajo, frente \/, izquierda \/ derecha, vuelo trasero \/ lateral, velocidad de vuelo de tres niveles, modo sin cabeza, retorno autom\u00e1tico de una tecla, modo de retenci\u00f3n de altitud, Wi-Fi FPV, trayectoria de vuelo, c\u00e1mara \/ video .7. El fuselaje de cuatro rotores est\u00e1 hecho de pl\u00e1sticos de ingenier\u00eda de alta resistencia, que son livianos y duraderos.8. Dibuja una ruta de vuelo en la pantalla y el dron volar\u00e1 de forma aut\u00f3noma en la direcci\u00f3n especificada.Frecuencia: 2,4GCanal: 4 canalesBater\u00eda de cuadric\u00f3ptero: bater\u00eda de litio de 3,7 V 1800 mAh (incluida)Bater\u00eda del transmisor: 3 bater\u00edas AAA (no incluidas)Tiempo de vuelo: 13-15 minutos.Tiempo de carga: 60 minutos.Distancia de control remoto: 150 mColor: negro, gris (opcional)Giroscopio: 6 ejesM\u00e9todo de carga: USBModo de foto: FPVVelocidad m\u00e1xima: 10 km\/hTemperatura de trabajo: 0-40 \u2103Material: ABSaspecto:Tama\u00f1o ampliado: 25*25* 5.5cm tama\u00f1o doblado: 12.<\/p>\n<p>La Garant\u00eda sera valida por defectos de fabrica o Mal funcionamiento del producto. \u00bfTu producto tiene alguna novedad que debamos reportar?* Una vez recibas tu producto, cuentas con m\u00e1ximo 5 d\u00edas para reportar a Soporte: piezas faltantes, rotas o cualquier novedad que presente el producto. \u00bfNo era lo que esperabas? Aplica Ley retracto Durante 5 d\u00edas, contados a partir de la recepci\u00f3n del producto, para la devoluci\u00f3n, ten en cuenta que debe estar en las condiciones que se recibi\u00f3, con su empaque original, con las etiquetas, sellos de seguridad, y contar con todas sus partes y\/o accesorios. Sin rayones ni manchas. Se recibir\u00e1 \u00fanicamente en \u00f3ptimas condiciones. Se anular\u00e1 autom\u00e1ticamente el derecho a retracto si el producto fue usado. \u00bfTu producto est\u00e1 presentando fallas? Cuentas con 30 d\u00edas de garant\u00eda por funcionamiento y\/o da\u00f1os del producto que no est\u00e9n relacionados a su mal uso. Para hacer efectiva la devoluci\u00f3n, el producto debe entregarse debidamente protegido cuidando el estado del empaque original, incluir todos los documentos y\/o manuales (si aplica) y las partes completas &#8211; -Garant\u00eda: 3 meses por defectos de f\u00e1brica. *El producto debe estar en las condiciones que se recibi\u00f3, con su empaque original, con las etiquetas, sellos de seguridad, y contar con todas sus partes y\/o accesorios. Sin rayones ni manchas, sin evidencias de manipulaci\u00f3n o uso, se recibir\u00e1 \u00fanicamente en \u00f3ptimas condiciones.<\/p>\n<p>Para retractos: Por favor revise el producto apenas lo reciba y antes de usarlo. No aplica ley de retracto luego de usar el producto. Se manejan m\u00e1ximo 5 d\u00edas para reportarlo. Para hacer efectiva la devoluci\u00f3n el producto debe devolverse con el empaque original, el cual debe estar en buen estado, incluir todos los documentos y sin da\u00f1os.<\/p>\n","protected":false},"excerpt":{"rendered":"<p>Plegado port\u00e1til Puede obtener una calidad de imagen\u00a0profesional sin una gran bolsa cuando salga y haga buenas pel\u00edculas f\u00e1cilmente.2. Mantenimiento de la altitud. Tecnolog\u00eda innovadora de altura fija, vuelo m\u00e1s estable, mejor fotograf\u00eda a\u00e9rea.3. Con funci\u00f3n Wi-Fi. Se puede conectar a la aplicaci\u00f3n y al sistema APK para tomar fotos y videos, y transmitir im\u00e1genes [&hellip;]<\/p>\n","protected":false},"featured_media":852,"template":"","meta":[],"product_brand":[],"product_cat":[28,34],"product_tag":[],"class_list":{"0":"post-797","1":"product","2":"type-product","3":"status-publish","4":"has-post-thumbnail","6":"product_cat-drones","7":"product_cat-tecnologia","9":"first","10":"instock","11":"taxable","12":"shipping-taxable","13":"purchasable","14":"product-type-simple"},"_links":{"self":[{"href":"https:\/\/24sietestore.com\/index.php\/wp-json\/wp\/v2\/product\/797","targetHints":{"allow":["GET"]}}],"collection":[{"href":"https:\/\/24sietestore.com\/index.php\/wp-json\/wp\/v2\/product"}],"about":[{"href":"https:\/\/24sietestore.com\/index.php\/wp-json\/wp\/v2\/types\/product"}],"wp:featuredmedia":[{"embeddable":true,"href":"https:\/\/24sietestore.com\/index.php\/wp-json\/wp\/v2\/media\/852"}],"wp:attachment":[{"href":"https:\/\/24sietestore.com\/index.php\/wp-json\/wp\/v2\/media?parent=797"}],"wp:term":[{"taxonomy":"product_brand","embeddable":true,"href":"https:\/\/24sietestore.com\/index.php\/wp-json\/wp\/v2\/product_brand?post=797"},{"taxonomy":"product_cat","embeddable":true,"href":"https:\/\/24sietestore.com\/index.php\/wp-json\/wp\/v2\/product_cat?post=797"},{"taxonomy":"product_tag","embeddable":true,"href":"https:\/\/24sietestore.com\/index.php\/wp-json\/wp\/v2\/product_tag?post=797"}],"curies":[{"name":"wp","href":"https:\/\/api.w.org\/{rel}","templated":true}]}}