{"id":787,"date":"2025-09-17T00:39:06","date_gmt":"2025-09-17T00:39:06","guid":{"rendered":"https:\/\/24sietestore.com\/index.php\/product\/drone-falcon-doble-camara-wifi-plegable\/"},"modified":"2025-10-03T01:58:24","modified_gmt":"2025-10-03T01:58:24","slug":"drone-falcon-doble-camara-wifi-plegable","status":"publish","type":"product","link":"https:\/\/24sietestore.com\/index.php\/product\/drone-falcon-doble-camara-wifi-plegable\/","title":{"rendered":"Drone Falcon Doble C\u00e1mara Wifi  Plegable"},"content":{"rendered":"<p>Drone Falcon Jl901w con doble c\u00e1mara de 2MP HD para mayor entretenimiento, puedes ver en tiempo real lo que el drone ve, plegable para mayor comodidad al transportarlo @@Caracter\u00edsticas: @@- Nombre del modelo: Drone Falcon Jl901w @- Material principal: ABS @- Tipo de Motor: motor sin n\u00facleo @- P\u00edxel de la c\u00e1mara: c\u00e1mara doble de 2 MP @- Funci\u00f3n: adelante\/atr\u00e1s, arriba\/abajo, izquierda\/derecha, vuelo lateral, oscilaci\u00f3n, volteo 3D, velocidad H\/L, Wifi FPV, toma de fotos, grabaci\u00f3n de v\u00eddeo @- Distancia de vuelo: 50 \u2013 90 metros aprox. @- Tiempo de carga: alrededor de 60 minutos @- Tiempo de vuelo: 8 \u2013 10 minutos @- Bater\u00eda del drone: 900 mAh Lipo 3,7v<br \/>\n&#8211; Bater\u00eda del control: 3 * AA (no incluida)<br \/>\n&#8211; Dimensi\u00f3n del art\u00edculo: Desplegado: 40 x 30 x 6 CM @@- WiFi: SI FPV @- Dise\u00f1o: Plegable @- Transmisor: 2,4G 4CH @- Sistema de control de vuelo: 6 ejes @@Contenido del paquete: @ @- 1 x Drone Falcon Jl901w Doble C\u00e1mara @- 1 x Control remoto @- 1 x Bater\u00eda 900 mAh @- 4 x H\u00e9lices de repuesto @- 1 x Cargador USB @- 4 x Protector de la h\u00e9lice @- 1 x Destornillador @- 1 x Manual de usuario (ingl\u00e9s y chino)<\/p>\n","protected":false},"excerpt":{"rendered":"<p>Drone Falcon Jl901w con doble c\u00e1mara de 2MP HD para mayor entretenimiento, puedes ver en tiempo real lo que el drone ve, plegable para mayor comodidad al transportarlo @@Caracter\u00edsticas: @@- Nombre del modelo: Drone Falcon Jl901w @- Material principal: ABS @- Tipo de Motor: motor sin n\u00facleo @- P\u00edxel de la c\u00e1mara: c\u00e1mara doble de [&hellip;]<\/p>\n","protected":false},"featured_media":853,"template":"","meta":[],"product_brand":[],"product_cat":[28,40,34],"product_tag":[],"class_list":{"0":"post-787","1":"product","2":"type-product","3":"status-publish","4":"has-post-thumbnail","6":"product_cat-drones","7":"product_cat-especiales","8":"product_cat-tecnologia","10":"first","11":"instock","12":"taxable","13":"shipping-taxable","14":"purchasable","15":"product-type-simple"},"_links":{"self":[{"href":"https:\/\/24sietestore.com\/index.php\/wp-json\/wp\/v2\/product\/787","targetHints":{"allow":["GET"]}}],"collection":[{"href":"https:\/\/24sietestore.com\/index.php\/wp-json\/wp\/v2\/product"}],"about":[{"href":"https:\/\/24sietestore.com\/index.php\/wp-json\/wp\/v2\/types\/product"}],"wp:featuredmedia":[{"embeddable":true,"href":"https:\/\/24sietestore.com\/index.php\/wp-json\/wp\/v2\/media\/853"}],"wp:attachment":[{"href":"https:\/\/24sietestore.com\/index.php\/wp-json\/wp\/v2\/media?parent=787"}],"wp:term":[{"taxonomy":"product_brand","embeddable":true,"href":"https:\/\/24sietestore.com\/index.php\/wp-json\/wp\/v2\/product_brand?post=787"},{"taxonomy":"product_cat","embeddable":true,"href":"https:\/\/24sietestore.com\/index.php\/wp-json\/wp\/v2\/product_cat?post=787"},{"taxonomy":"product_tag","embeddable":true,"href":"https:\/\/24sietestore.com\/index.php\/wp-json\/wp\/v2\/product_tag?post=787"}],"curies":[{"name":"wp","href":"https:\/\/api.w.org\/{rel}","templated":true}]}}