{"id":783,"date":"2025-09-17T00:37:29","date_gmt":"2025-09-17T00:37:29","guid":{"rendered":"https:\/\/24sietestore.com\/index.php\/product\/camara-baby-monitor\/"},"modified":"2025-10-02T23:00:27","modified_gmt":"2025-10-02T23:00:27","slug":"camara-baby-monitor","status":"publish","type":"product","link":"https:\/\/24sietestore.com\/index.php\/product\/camara-baby-monitor\/","title":{"rendered":"C\u00e1mara Baby Monitor"},"content":{"rendered":"<p>Monitores inal\u00e1mbricos para beb\u00e9s de 2.4 pulgadas C\u00e1mara de seguridad para video 2.4GHz Monitor Bebe Detecci\u00f3n de temperatura nocturna para audio<\/p>\n<p>Tipo de Pantalla: Color<br \/>\nTama\u00f1o de LCD :2,4 pulgadas<br \/>\nCaracter\u00edsticas:<br \/>\nVisi\u00f3n Nocturna Pantalla LCD Intercomunicador Port\u00e1til Ahorrador de Energ\u00eda M\u00fasica<br \/>\nTipo de Alerta:Fuera de Rango<br \/>\nTipo de Dibujo: Car\u00e1cter<br \/>\nCon\/Sin Bater\u00edas: S\u00ed<br \/>\nSi Necesita Bater\u00edas: S\u00ed<br \/>\nTipos Secuenciales: Digital<br \/>\nGama del IR:5m<br \/>\nTipo:vigilabeb\u00e9s digitales<br \/>\nLCD Tama\u00f1o:3&#8243;<br \/>\nResoluci\u00f3n( pixel) :960&#215;240 (RGB)<br \/>\nSensor de c\u00e1mara:<br \/>\n1\/3 # 039; # 039; sensor de imagen CMOS de color<br \/>\n\u00c1ngulo De Visi\u00f3n: 70 grados<br \/>\nFrecuencia: 2.4ghz monitor de beb\u00e9<br \/>\nBater\u00eda de iones de litio recargable incorporada: bater\u00eda 900mAh<br \/>\nLugar del origen:Shenzhen de China<\/p>\n","protected":false},"excerpt":{"rendered":"<p>Monitores inal\u00e1mbricos para beb\u00e9s de 2.4 pulgadas C\u00e1mara de seguridad para video 2.4GHz Monitor Bebe Detecci\u00f3n de temperatura nocturna para audio Tipo de Pantalla: Color Tama\u00f1o de LCD :2,4 pulgadas Caracter\u00edsticas: Visi\u00f3n Nocturna Pantalla LCD Intercomunicador Port\u00e1til Ahorrador de Energ\u00eda M\u00fasica Tipo de Alerta:Fuera de Rango Tipo de Dibujo: Car\u00e1cter Con\/Sin Bater\u00edas: S\u00ed Si Necesita [&hellip;]<\/p>\n","protected":false},"featured_media":847,"template":"","meta":[],"product_brand":[],"product_cat":[26,35],"product_tag":[],"class_list":{"0":"post-783","1":"product","2":"type-product","3":"status-publish","4":"has-post-thumbnail","6":"product_cat-gadgets","7":"product_cat-smart","9":"first","10":"instock","11":"taxable","12":"shipping-taxable","13":"purchasable","14":"product-type-simple"},"_links":{"self":[{"href":"https:\/\/24sietestore.com\/index.php\/wp-json\/wp\/v2\/product\/783","targetHints":{"allow":["GET"]}}],"collection":[{"href":"https:\/\/24sietestore.com\/index.php\/wp-json\/wp\/v2\/product"}],"about":[{"href":"https:\/\/24sietestore.com\/index.php\/wp-json\/wp\/v2\/types\/product"}],"wp:featuredmedia":[{"embeddable":true,"href":"https:\/\/24sietestore.com\/index.php\/wp-json\/wp\/v2\/media\/847"}],"wp:attachment":[{"href":"https:\/\/24sietestore.com\/index.php\/wp-json\/wp\/v2\/media?parent=783"}],"wp:term":[{"taxonomy":"product_brand","embeddable":true,"href":"https:\/\/24sietestore.com\/index.php\/wp-json\/wp\/v2\/product_brand?post=783"},{"taxonomy":"product_cat","embeddable":true,"href":"https:\/\/24sietestore.com\/index.php\/wp-json\/wp\/v2\/product_cat?post=783"},{"taxonomy":"product_tag","embeddable":true,"href":"https:\/\/24sietestore.com\/index.php\/wp-json\/wp\/v2\/product_tag?post=783"}],"curies":[{"name":"wp","href":"https:\/\/api.w.org\/{rel}","templated":true}]}}