{"id":779,"date":"2025-09-17T00:37:28","date_gmt":"2025-09-17T00:37:28","guid":{"rendered":"https:\/\/24sietestore.com\/index.php\/product\/bombillo-camara\/"},"modified":"2025-10-03T02:55:06","modified_gmt":"2025-10-03T02:55:06","slug":"bombillo-camara","status":"publish","type":"product","link":"https:\/\/24sietestore.com\/index.php\/product\/bombillo-camara\/","title":{"rendered":"BOMBILLO CAMARA"},"content":{"rendered":"<p>C\u00e1mara de seguridad bombilla led wifi HD c\u00e1mara VR 360\u00b0 Ojo de pez panor\u00e1mica<\/p>\n<p>CRACTER\u00cdZTICAS:<\/p>\n<ul>\n<li>Panor\u00e1mica de 360\u00b0: Con vigilancia de 360\u00b0, se puede alcanzar cada \u00e1ngulo o su casa y totalmente bajo su control.<\/li>\n<li>Experiencia de visi\u00f3n 3D: La experiencia de visi\u00f3n 3D hace que todo en su casa sea real y accesible.<\/li>\n<li>Monitoreo remoto: no importa d\u00f3nde se encuentre, pude verificar de forma remota las condiciones de su hogar a trav\u00e9s de un tel\u00e9fono inteligente o tableta, solo si hay una conexi\u00f3n a Internet.<\/li>\n<li>Compatible con tarjeta TF de 128GB: admite hasta 128GB (Mini 16GB) tarjeta micro SD (Tarjeta TF) Tarjeta TF no incluida.<\/li>\n<li>Comunicaci\u00f3n bidireccional: altavoz y micr\u00f3fono incorporados, admite conversaciones instant\u00e1neas entre la aplicaci\u00f3n y el extremo de la c\u00e1mara.<\/li>\n<li>Detecci\u00f3n de movimiento y aleta inteligente: la alarma se activar\u00e1 cuando se detecte movimiento y se enviar\u00e1 una notificaci\u00f3n en tiempo real a su tel\u00e9fono inteligente o tableta.<\/li>\n<li>Vida \u00fatil LED de 5000 horas: 3 x 1W LED Light le brinda iluminaci\u00f3n brillante y funciona perfectamente como una bombilla com\u00fan, pero con una vida \u00fatil m\u00e1s larga de hasta 5.000 horas.<\/li>\n<\/ul>\n","protected":false},"excerpt":{"rendered":"<p>C\u00e1mara de seguridad bombilla led wifi HD c\u00e1mara VR 360\u00b0 Ojo de pez panor\u00e1mica CRACTER\u00cdZTICAS: Panor\u00e1mica de 360\u00b0: Con vigilancia de 360\u00b0, se puede alcanzar cada \u00e1ngulo o su casa y totalmente bajo su control. Experiencia de visi\u00f3n 3D: La experiencia de visi\u00f3n 3D hace que todo en su casa sea real y accesible. Monitoreo [&hellip;]<\/p>\n","protected":false},"featured_media":837,"template":"","meta":[],"product_brand":[],"product_cat":[39,26,35],"product_tag":[],"class_list":{"0":"post-779","1":"product","2":"type-product","3":"status-publish","4":"has-post-thumbnail","6":"product_cat-destacados","7":"product_cat-gadgets","8":"product_cat-smart","10":"first","11":"instock","12":"sale","13":"taxable","14":"shipping-taxable","15":"purchasable","16":"product-type-simple"},"_links":{"self":[{"href":"https:\/\/24sietestore.com\/index.php\/wp-json\/wp\/v2\/product\/779","targetHints":{"allow":["GET"]}}],"collection":[{"href":"https:\/\/24sietestore.com\/index.php\/wp-json\/wp\/v2\/product"}],"about":[{"href":"https:\/\/24sietestore.com\/index.php\/wp-json\/wp\/v2\/types\/product"}],"wp:featuredmedia":[{"embeddable":true,"href":"https:\/\/24sietestore.com\/index.php\/wp-json\/wp\/v2\/media\/837"}],"wp:attachment":[{"href":"https:\/\/24sietestore.com\/index.php\/wp-json\/wp\/v2\/media?parent=779"}],"wp:term":[{"taxonomy":"product_brand","embeddable":true,"href":"https:\/\/24sietestore.com\/index.php\/wp-json\/wp\/v2\/product_brand?post=779"},{"taxonomy":"product_cat","embeddable":true,"href":"https:\/\/24sietestore.com\/index.php\/wp-json\/wp\/v2\/product_cat?post=779"},{"taxonomy":"product_tag","embeddable":true,"href":"https:\/\/24sietestore.com\/index.php\/wp-json\/wp\/v2\/product_tag?post=779"}],"curies":[{"name":"wp","href":"https:\/\/api.w.org\/{rel}","templated":true}]}}