{"id":771,"date":"2025-09-17T00:37:27","date_gmt":"2025-09-17T00:37:27","guid":{"rendered":"https:\/\/24sietestore.com\/index.php\/product\/luz-tipo-camara\/"},"modified":"2025-10-02T23:01:49","modified_gmt":"2025-10-02T23:01:49","slug":"luz-tipo-camara","status":"publish","type":"product","link":"https:\/\/24sietestore.com\/index.php\/product\/luz-tipo-camara\/","title":{"rendered":"Luz tipo c\u00e1mara"},"content":{"rendered":"<p>Con el dise\u00f1o giratorio de 360 \u00b0, el foco solar se puede girar a cualquier \u00e1ngulo que desee, equipado con 77 cuentas LED, produce hasta 6500K de salida de alto brillo.<br \/>\nBater\u00eda recargable integrada de 2400mAh, puede funcionar durante mucho tiempo. Sin contaminaci\u00f3n, sin costo de electricidad, ahorro de energ\u00eda y respetuoso con el medio ambiente.<br \/>\n3 modos de iluminaci\u00f3n: 1. Modo de seguridad (se ENCIENDE cuando detecta movimiento y se apaga despu\u00e9s de 20 segundos) 2. Modo de Control de brillo inteligente (permanece encendido y brilla durante 20 segundos cuando detecta movimiento) 3. No de modo (estancia dim luz para todos la noche)<br \/>\nHecho de ABS de alta calidad, la clasificaci\u00f3n impermeable IP65 garantiza que la luz pueda soportar todo tipo de clima extremo. Es muy adecuado para el patio exterior, jard\u00edn, porche, patio, camino, etc.<br \/>\nReflector LED, con el mismo estilo que una c\u00e1mara de vigilancia falsa, dise\u00f1ado para evitar ladrones. Tambi\u00e9n puede iluminar su pasillo, sala de estar o patio. Las luces tambi\u00e9n se encender\u00e1n autom\u00e1ticamente cuando alguien pasa por casa.<\/p>\n<p><strong>Especificaciones:<\/strong><br \/>\nModelo de producto: TG-TY72<br \/>\nMaterial: polisilicio ABS<br \/>\nN\u00famero de cuentas de l\u00e1mpara: 77 cuentas de l\u00e1mpara LED<br \/>\nPaneles solares: polisilicio, 5,5 V 1,8 W<br \/>\nBater\u00eda: 3,7 V 18650 bater\u00eda 1200MAH * 2<br \/>\nTemperatura de Color: 6000-6500K<br \/>\nModo de funcionamiento: 3 modos:<br \/>\n1. Modo de detecci\u00f3n autom\u00e1tica<br \/>\n2. Detecci\u00f3n autom\u00e1tica + modo de luz nocturna<br \/>\n3 Everbright modo<br \/>\nDistancia de inducci\u00f3n: inducci\u00f3n infrarroja de 3-5 metros<br \/>\nTiempo de carga: 4-6 horas<br \/>\nTiempo de Trabajo: 7 d\u00edas, 50 veces por noche.<br \/>\nTama\u00f1o del paquete: Approx.20 * 16*9,5 cm\/7,87*6,3 * 3.74in<br \/>\nPeso del paquete: aprox. 405g\/14,29 oz<\/p>\n<p><strong>Lista de paquetes:<\/strong><br \/>\n1 * Luces Solares LED<br \/>\n1 * Control remoto<br \/>\n1 * bolsa de tornillos<br \/>\n1 * Manual de usuario<\/p>\n","protected":false},"excerpt":{"rendered":"<p>Con el dise\u00f1o giratorio de 360 \u00b0, el foco solar se puede girar a cualquier \u00e1ngulo que desee, equipado con 77 cuentas LED, produce hasta 6500K de salida de alto brillo. Bater\u00eda recargable integrada de 2400mAh, puede funcionar durante mucho tiempo. Sin contaminaci\u00f3n, sin costo de electricidad, ahorro de energ\u00eda y respetuoso con el medio [&hellip;]<\/p>\n","protected":false},"featured_media":856,"template":"","meta":[],"product_brand":[],"product_cat":[26],"product_tag":[],"class_list":{"0":"post-771","1":"product","2":"type-product","3":"status-publish","4":"has-post-thumbnail","6":"product_cat-gadgets","8":"first","9":"instock","10":"taxable","11":"shipping-taxable","12":"purchasable","13":"product-type-simple"},"_links":{"self":[{"href":"https:\/\/24sietestore.com\/index.php\/wp-json\/wp\/v2\/product\/771","targetHints":{"allow":["GET"]}}],"collection":[{"href":"https:\/\/24sietestore.com\/index.php\/wp-json\/wp\/v2\/product"}],"about":[{"href":"https:\/\/24sietestore.com\/index.php\/wp-json\/wp\/v2\/types\/product"}],"wp:featuredmedia":[{"embeddable":true,"href":"https:\/\/24sietestore.com\/index.php\/wp-json\/wp\/v2\/media\/856"}],"wp:attachment":[{"href":"https:\/\/24sietestore.com\/index.php\/wp-json\/wp\/v2\/media?parent=771"}],"wp:term":[{"taxonomy":"product_brand","embeddable":true,"href":"https:\/\/24sietestore.com\/index.php\/wp-json\/wp\/v2\/product_brand?post=771"},{"taxonomy":"product_cat","embeddable":true,"href":"https:\/\/24sietestore.com\/index.php\/wp-json\/wp\/v2\/product_cat?post=771"},{"taxonomy":"product_tag","embeddable":true,"href":"https:\/\/24sietestore.com\/index.php\/wp-json\/wp\/v2\/product_tag?post=771"}],"curies":[{"name":"wp","href":"https:\/\/api.w.org\/{rel}","templated":true}]}}